{"id":957,"date":"2024-10-29T15:44:18","date_gmt":"2024-10-29T15:44:18","guid":{"rendered":"https:\/\/casabouchon.com\/?page_id=957"},"modified":"2026-03-16T13:53:41","modified_gmt":"2026-03-16T13:53:41","slug":"programas","status":"publish","type":"page","link":"https:\/\/casabouchon.com\/en\/programas\/","title":{"rendered":"Programs"},"content":{"rendered":"\t\t<div data-elementor-type=\"wp-page\" data-elementor-id=\"957\" class=\"elementor elementor-957\" data-elementor-post-type=\"page\">\n\t\t\t\t<div class=\"elementor-element elementor-element-f85af97 e-flex e-con-boxed e-con e-parent\" data-id=\"f85af97\" data-element_type=\"container\" data-e-type=\"container\" data-settings=\"{&quot;background_background&quot;:&quot;classic&quot;}\">\n\t\t\t\t\t<div class=\"e-con-inner\">\n\t\t\t\t\t<\/div>\n\t\t\t\t<\/div>\n\t\t<div class=\"elementor-element elementor-element-6dc6f09 e-flex e-con-boxed e-con e-parent\" data-id=\"6dc6f09\" data-element_type=\"container\" data-e-type=\"container\">\n\t\t\t\t\t<div class=\"e-con-inner\">\n\t\t\t\t<div class=\"elementor-element elementor-element-ffb2ae0 elementor-widget elementor-widget-heading\" data-id=\"ffb2ae0\" data-element_type=\"widget\" data-e-type=\"widget\" data-widget_type=\"heading.default\">\n\t\t\t\t<div class=\"elementor-widget-container\">\n\t\t\t\t\t<h2 class=\"elementor-heading-title elementor-size-default\">Programas<\/h2>\t\t\t\t<\/div>\n\t\t\t\t<\/div>\n\t\t\t\t\t<\/div>\n\t\t\t\t<\/div>\n\t\t<div class=\"elementor-element elementor-element-9f49d6a e-flex e-con-boxed e-con e-parent\" data-id=\"9f49d6a\" data-element_type=\"container\" data-e-type=\"container\">\n\t\t\t\t\t<div class=\"e-con-inner\">\n\t\t\t\t<div class=\"elementor-element elementor-element-23d8281 elementor-widget__width-initial elementor-invisible elementor-widget elementor-widget-text-editor\" data-id=\"23d8281\" data-element_type=\"widget\" data-e-type=\"widget\" data-settings=\"{&quot;_animation&quot;:&quot;fadeInUp&quot;,&quot;_animation_delay&quot;:300}\" data-widget_type=\"text-editor.default\">\n\t\t\t\t<div class=\"elementor-widget-container\">\n\t\t\t\t\t\t\t\t\t<p class=\"p1\">Casa Bouchon tiene programas especiales que buscan que nuestros hu\u00e9spedes puedan tener la mejor experiencia durante su estad\u00eda, de acuerdo a sus preferencias e intereses.<\/p>\t\t\t\t\t\t\t\t<\/div>\n\t\t\t\t<\/div>\n\t\t\t\t\t<\/div>\n\t\t\t\t<\/div>\n\t\t<div class=\"elementor-element elementor-element-068b70c e-flex e-con-boxed e-con e-parent\" data-id=\"068b70c\" data-element_type=\"container\" data-e-type=\"container\" data-settings=\"{&quot;animation&quot;:&quot;none&quot;,&quot;animation_delay&quot;:500,&quot;background_background&quot;:&quot;classic&quot;,&quot;background_motion_fx_motion_fx_scrolling&quot;:&quot;yes&quot;,&quot;background_motion_fx_translateY_effect&quot;:&quot;yes&quot;,&quot;background_motion_fx_devices&quot;:[&quot;mobile&quot;],&quot;background_motion_fx_translateY_speed&quot;:{&quot;unit&quot;:&quot;px&quot;,&quot;size&quot;:4,&quot;sizes&quot;:[]},&quot;background_motion_fx_translateY_affectedRange&quot;:{&quot;unit&quot;:&quot;%&quot;,&quot;size&quot;:&quot;&quot;,&quot;sizes&quot;:{&quot;start&quot;:0,&quot;end&quot;:100}}}\">\n\t\t\t\t\t<div class=\"e-con-inner\">\n\t\t<div class=\"elementor-element elementor-element-257505f e-con-full e-flex elementor-invisible e-con e-child\" data-id=\"257505f\" data-element_type=\"container\" data-e-type=\"container\" data-settings=\"{&quot;animation&quot;:&quot;fadeInUp&quot;,&quot;animation_delay&quot;:400}\">\n\t\t\t\t<div class=\"elementor-element elementor-element-8794df4 elementor-widget elementor-widget-heading\" data-id=\"8794df4\" data-element_type=\"widget\" data-e-type=\"widget\" data-widget_type=\"heading.default\">\n\t\t\t\t<div class=\"elementor-widget-container\">\n\t\t\t\t\t<h2 class=\"elementor-heading-title elementor-size-default\">Programa Experiencia Vendimia 2026<\/h2>\t\t\t\t<\/div>\n\t\t\t\t<\/div>\n\t\t\t\t<div class=\"elementor-element elementor-element-95c8b06 elementor-widget elementor-widget-text-editor\" data-id=\"95c8b06\" data-element_type=\"widget\" data-e-type=\"widget\" data-widget_type=\"text-editor.default\">\n\t\t\t\t<div class=\"elementor-widget-container\">\n\t\t\t\t\t\t\t\t\t<p>Programa de dos d\u00edas y una noche dise\u00f1ado para vivir la vendimia en el <br \/>valle del Maule y conocer de cerca el proceso del vino.<\/p><p>El programa incluye: una noche para dos personas con desayuno incluido; recorrido por la vi\u00f1a y degustaci\u00f3n <br \/>de la cosecha 2026 directamente desde barrica; degustaci\u00f3n dirigida de cuatro vinos elaborados en nuestra bodega; <br \/>cena maridaje de cuatro tiempos; uso del hot tub durante la estad\u00eda; y una botella de Rep\u00fablica de Vi\u00f1a Longav\u00ed<br \/>de regalo al finalizar la experiencia.<\/p><p>Valor desde USD 311 por pareja ( 2 personas)<br \/>M\u00e1s informaci\u00f3n en casabouchon@bem.cl o WhatsApp +56 9 74774878<\/p>\t\t\t\t\t\t\t\t<\/div>\n\t\t\t\t<\/div>\n\t\t\t\t<\/div>\n\t\t\t\t\t<\/div>\n\t\t\t\t<\/div>\n\t\t<div class=\"elementor-element elementor-element-ae7241a e-flex e-con-boxed e-con e-parent\" data-id=\"ae7241a\" data-element_type=\"container\" data-e-type=\"container\" data-settings=\"{&quot;animation&quot;:&quot;none&quot;,&quot;animation_delay&quot;:500,&quot;background_background&quot;:&quot;classic&quot;,&quot;background_motion_fx_motion_fx_scrolling&quot;:&quot;yes&quot;,&quot;background_motion_fx_translateY_effect&quot;:&quot;yes&quot;,&quot;background_motion_fx_devices&quot;:[&quot;mobile&quot;],&quot;background_motion_fx_translateY_speed&quot;:{&quot;unit&quot;:&quot;px&quot;,&quot;size&quot;:4,&quot;sizes&quot;:[]},&quot;background_motion_fx_translateY_affectedRange&quot;:{&quot;unit&quot;:&quot;%&quot;,&quot;size&quot;:&quot;&quot;,&quot;sizes&quot;:{&quot;start&quot;:0,&quot;end&quot;:100}}}\">\n\t\t\t\t\t<div class=\"e-con-inner\">\n\t\t<div class=\"elementor-element elementor-element-dbbbbce e-con-full e-flex elementor-invisible e-con e-child\" data-id=\"dbbbbce\" data-element_type=\"container\" data-e-type=\"container\" data-settings=\"{&quot;animation&quot;:&quot;fadeInUp&quot;,&quot;animation_delay&quot;:400}\">\n\t\t\t\t<div class=\"elementor-element elementor-element-b787d56 elementor-widget elementor-widget-heading\" data-id=\"b787d56\" data-element_type=\"widget\" data-e-type=\"widget\" data-widget_type=\"heading.default\">\n\t\t\t\t<div class=\"elementor-widget-container\">\n\t\t\t\t\t<h2 class=\"elementor-heading-title elementor-size-default\">Desconexi\u00f3n Total <\/h2>\t\t\t\t<\/div>\n\t\t\t\t<\/div>\n\t\t\t\t<div class=\"elementor-element elementor-element-d651120 elementor-widget elementor-widget-text-editor\" data-id=\"d651120\" data-element_type=\"widget\" data-e-type=\"widget\" data-widget_type=\"text-editor.default\">\n\t\t\t\t<div class=\"elementor-widget-container\">\n\t\t\t\t\t\t\t\t\t<p class=\"p1\">Programa de tres d\u00edas y dos noches dise\u00f1ado para parejas que quieren aprovechar nuestro Wellness y tener una experiencia de desconexi\u00f3n. El programa incluye: dos noches para dos personas en Habitaci\u00f3n Standard; copa de espumante y aperitivo de bienvenida; pensi\u00f3n completa durante la estad\u00eda (desayuno-almuerzo-cena); uso del hot tub; y sesi\u00f3n de masajes para una persona.<\/p><p class=\"p1\">Valor: CLP$600.000 por pareja (2 personas).<\/p><p class=\"p1\">M\u00e1s informaci\u00f3n en <a href=\"mailto:casabouchon@bem.cl\">casabouchon@bem.cl<\/a> o\u00a0<a href=\"https:\/\/wa.me\/56974774878\" target=\"_blank\" rel=\"noopener\">WhatsApp +56 9 74774878<\/a><\/p>\t\t\t\t\t\t\t\t<\/div>\n\t\t\t\t<\/div>\n\t\t\t\t<\/div>\n\t\t\t\t\t<\/div>\n\t\t\t\t<\/div>\n\t\t<div class=\"elementor-element elementor-element-656b9f0 e-flex e-con-boxed e-con e-parent\" data-id=\"656b9f0\" data-element_type=\"container\" data-e-type=\"container\" id=\"piscina\" data-settings=\"{&quot;animation&quot;:&quot;none&quot;,&quot;animation_delay&quot;:500,&quot;background_background&quot;:&quot;classic&quot;,&quot;background_motion_fx_motion_fx_scrolling&quot;:&quot;yes&quot;,&quot;background_motion_fx_translateY_effect&quot;:&quot;yes&quot;,&quot;background_motion_fx_devices&quot;:[&quot;mobile&quot;],&quot;background_motion_fx_translateY_speed&quot;:{&quot;unit&quot;:&quot;px&quot;,&quot;size&quot;:4,&quot;sizes&quot;:[]},&quot;background_motion_fx_translateY_affectedRange&quot;:{&quot;unit&quot;:&quot;%&quot;,&quot;size&quot;:&quot;&quot;,&quot;sizes&quot;:{&quot;start&quot;:0,&quot;end&quot;:100}}}\">\n\t\t\t\t\t<div class=\"e-con-inner\">\n\t\t<div class=\"elementor-element elementor-element-dea4081 e-con-full e-flex elementor-invisible e-con e-child\" data-id=\"dea4081\" data-element_type=\"container\" data-e-type=\"container\" data-settings=\"{&quot;animation&quot;:&quot;fadeInUp&quot;,&quot;animation_delay&quot;:400}\">\n\t\t\t\t<div class=\"elementor-element elementor-element-9275965 elementor-widget elementor-widget-heading\" data-id=\"9275965\" data-element_type=\"widget\" data-e-type=\"widget\" data-widget_type=\"heading.default\">\n\t\t\t\t<div class=\"elementor-widget-container\">\n\t\t\t\t\t<h2 class=\"elementor-heading-title elementor-size-default\">Escapada Rom\u00e1ntica<\/h2>\t\t\t\t<\/div>\n\t\t\t\t<\/div>\n\t\t\t\t<div class=\"elementor-element elementor-element-cee3cf0 elementor-widget elementor-widget-text-editor\" data-id=\"cee3cf0\" data-element_type=\"widget\" data-e-type=\"widget\" data-widget_type=\"text-editor.default\">\n\t\t\t\t<div class=\"elementor-widget-container\">\n\t\t\t\t\t\t\t\t\t<div><span lang=\"ES-CL\">Programa de dos d\u00edas y una noche pensado para parejas que quieren escaparse y disfrutar de las comodidades de Casa Bouchon. El programa incluye: una noche para dos personas en Habitaci\u00f3n Junior Suite con desayuno incluido; botella de espumante y chocolates en la habitaci\u00f3n; aperitivo y cena (men\u00fa de tres tiempos) el d\u00eda de llegada; uso del hot tub y early chek-in con almuerzo (men\u00fa de tres tiempos) el <b>d\u00eda de llegada<\/b>. <\/span><\/div><div>\u00a0<\/div><div><span lang=\"ES-CL\">Valor: CLP$440.000 por pareja (2 personas). <\/span><\/div><div><span lang=\"ES-CL\">M\u00e1s informaci\u00f3n en <\/span><span lang=\"ES-CL\"><a href=\"mailto:casabouchon@bem.cl\">casabouchon@bem.cl <\/a><\/span>o <a href=\"https:\/\/wa.me\/56974774878\" target=\"_blank\" rel=\"noopener\">WhatsApp +56 9 74774878<\/a><\/div><div><p class=\"p1\">\u00a0<\/p><\/div><p class=\"p1\">\u00a0<\/p>\t\t\t\t\t\t\t\t<\/div>\n\t\t\t\t<\/div>\n\t\t\t\t<\/div>\n\t\t\t\t\t<\/div>\n\t\t\t\t<\/div>\n\t\t<div class=\"elementor-element elementor-element-60ef278 e-flex e-con-boxed e-con e-parent\" data-id=\"60ef278\" data-element_type=\"container\" data-e-type=\"container\" id=\"sauna\" data-settings=\"{&quot;animation&quot;:&quot;none&quot;,&quot;animation_delay&quot;:500,&quot;background_background&quot;:&quot;classic&quot;,&quot;background_motion_fx_motion_fx_scrolling&quot;:&quot;yes&quot;,&quot;background_motion_fx_devices&quot;:[&quot;mobile&quot;]}\">\n\t\t\t\t\t<div class=\"e-con-inner\">\n\t\t<div class=\"elementor-element elementor-element-9e0aeb3 e-con-full e-flex elementor-invisible e-con e-child\" data-id=\"9e0aeb3\" data-element_type=\"container\" data-e-type=\"container\" data-settings=\"{&quot;animation&quot;:&quot;fadeInUp&quot;,&quot;animation_delay&quot;:400}\">\n\t\t\t\t<div class=\"elementor-element elementor-element-26a317b elementor-widget elementor-widget-heading\" data-id=\"26a317b\" data-element_type=\"widget\" data-e-type=\"widget\" data-widget_type=\"heading.default\">\n\t\t\t\t<div class=\"elementor-widget-container\">\n\t\t\t\t\t<h2 class=\"elementor-heading-title elementor-size-default\">Tren y Vino\u200b<\/h2>\t\t\t\t<\/div>\n\t\t\t\t<\/div>\n\t\t\t\t<div class=\"elementor-element elementor-element-f1ace89 elementor-widget elementor-widget-text-editor\" data-id=\"f1ace89\" data-element_type=\"widget\" data-e-type=\"widget\" data-widget_type=\"text-editor.default\">\n\t\t\t\t<div class=\"elementor-widget-container\">\n\t\t\t\t\t\t\t\t\t<div><p style=\"font-weight: 400;\">Programa de tres d\u00edas y dos noches dise\u00f1ado para quienes buscan una experiencia en torno al vino, con un inspirador viaje en tren. El programa incluye: dos noches para dos personas en Habitaci\u00f3n Standard; ida y regreso en tren Santiago\/Talca (clase sal\u00f3n) y traslado privado Talca\/Casa Bouchon; copa de vino y aperitivo de bienvenida; pensi\u00f3n completa durante la estad\u00eda (desayuno-almuerzo-cena); y tour por los vi\u00f1edos y bodega m\u00e1s una degustaci\u00f3n de vinos.<\/p><p style=\"font-weight: 400;\">Valor: CLP$810.000 por pareja (2 personas).<\/p><p style=\"font-weight: 400;\">M\u00e1s informaci\u00f3n en <a href=\"mailto:casabouchon@bem.cl\">casabouchon@bem.cl <\/a>o <a href=\"https:\/\/wa.me\/56974774878\" target=\"_blank\" rel=\"noopener\">WhatsApp +56 9 74774878<\/a><\/p><p class=\"p1\">\u00a0<\/p><\/div><p class=\"p1\">\u00a0<\/p>\t\t\t\t\t\t\t\t<\/div>\n\t\t\t\t<\/div>\n\t\t\t\t<\/div>\n\t\t\t\t\t<\/div>\n\t\t\t\t<\/div>\n\t\t<div class=\"elementor-element elementor-element-28e01f8 e-flex e-con-boxed e-con e-parent\" data-id=\"28e01f8\" data-element_type=\"container\" data-e-type=\"container\" data-settings=\"{&quot;animation&quot;:&quot;none&quot;,&quot;animation_delay&quot;:500,&quot;background_background&quot;:&quot;classic&quot;,&quot;background_motion_fx_motion_fx_scrolling&quot;:&quot;yes&quot;,&quot;background_motion_fx_devices&quot;:[&quot;mobile&quot;]}\">\n\t\t\t\t\t<div class=\"e-con-inner\">\n\t\t<div class=\"elementor-element elementor-element-3e5ff9e e-con-full e-flex elementor-invisible e-con e-child\" data-id=\"3e5ff9e\" data-element_type=\"container\" data-e-type=\"container\" data-settings=\"{&quot;animation&quot;:&quot;fadeInUp&quot;,&quot;animation_delay&quot;:400}\">\n\t\t\t\t<div class=\"elementor-element elementor-element-a42b455 elementor-widget elementor-widget-heading\" data-id=\"a42b455\" data-element_type=\"widget\" data-e-type=\"widget\" data-widget_type=\"heading.default\">\n\t\t\t\t<div class=\"elementor-widget-container\">\n\t\t\t\t\t<h2 class=\"elementor-heading-title elementor-size-default\">Eventos Corporativos<\/h2>\t\t\t\t<\/div>\n\t\t\t\t<\/div>\n\t\t\t\t<div class=\"elementor-element elementor-element-a57741d elementor-widget elementor-widget-text-editor\" data-id=\"a57741d\" data-element_type=\"widget\" data-e-type=\"widget\" data-widget_type=\"text-editor.default\">\n\t\t\t\t<div class=\"elementor-widget-container\">\n\t\t\t\t\t\t\t\t\t<div><div><span lang=\"ES-CL\">En Casa Bouchon tenemos las instalaciones y el servicio adecuado para que las empresas puedan organizar distintos eventos, incluyendo sesiones de planificaci\u00f3n estrat\u00e9gica, coaching, team building y celebraciones de aniversario o de finales de a\u00f1o. <\/span><\/div><div>\u00a0<\/div><div><span lang=\"ES-CL\">M\u00e1s informaci\u00f3n en <\/span><span lang=\"ES-CL\"><a href=\"mailto:casabouchon@bem.cl\">casabouchon@bem.cl <\/a><\/span><span lang=\"ES-CL\">o <a href=\"https:\/\/wa.me\/56974774878\" target=\"_blank\" rel=\"noopener\">WhatsApp +56 9 74774878<\/a><\/span><\/div><div>\u00a0<\/div><p class=\"p1\">\u00a0<\/p><\/div><div>\u00a0<\/div>\t\t\t\t\t\t\t\t<\/div>\n\t\t\t\t<\/div>\n\t\t\t\t<\/div>\n\t\t\t\t\t<\/div>\n\t\t\t\t<\/div>\n\t\t<div class=\"elementor-element elementor-element-5ff9737 e-flex e-con-boxed e-con e-parent\" data-id=\"5ff9737\" data-element_type=\"container\" data-e-type=\"container\" data-settings=\"{&quot;animation&quot;:&quot;none&quot;,&quot;animation_delay&quot;:500,&quot;background_background&quot;:&quot;classic&quot;,&quot;background_motion_fx_motion_fx_scrolling&quot;:&quot;yes&quot;,&quot;background_motion_fx_devices&quot;:[&quot;mobile&quot;]}\">\n\t\t\t\t\t<div class=\"e-con-inner\">\n\t\t<div class=\"elementor-element elementor-element-73c7e11 e-con-full e-flex elementor-invisible e-con e-child\" data-id=\"73c7e11\" data-element_type=\"container\" data-e-type=\"container\" data-settings=\"{&quot;animation&quot;:&quot;fadeInUp&quot;,&quot;animation_delay&quot;:400}\">\n\t\t\t\t<div class=\"elementor-element elementor-element-6db8b98 elementor-widget elementor-widget-heading\" data-id=\"6db8b98\" data-element_type=\"widget\" data-e-type=\"widget\" data-widget_type=\"heading.default\">\n\t\t\t\t<div class=\"elementor-widget-container\">\n\t\t\t\t\t<h2 class=\"elementor-heading-title elementor-size-default\">Matrimonios y Sociales<\/h2>\t\t\t\t<\/div>\n\t\t\t\t<\/div>\n\t\t\t\t<div class=\"elementor-element elementor-element-8d16a32 elementor-widget elementor-widget-text-editor\" data-id=\"8d16a32\" data-element_type=\"widget\" data-e-type=\"widget\" data-widget_type=\"text-editor.default\">\n\t\t\t\t<div class=\"elementor-widget-container\">\n\t\t\t\t\t\t\t\t\t<div><div>Casa Bouchon es un lugar ideal para realizar eventos familiares o sociales, incluyendo matrimonios, celebraciones de aniversario y cumplea\u00f1os.<\/div><div>\u00a0<\/div><div>M\u00e1s informaci\u00f3n en <a href=\"mailto:casabouchon@bem.cl\">casabouchon@bem.cl<\/a> o <span lang=\"ES-CL\"><a href=\"https:\/\/wa.me\/56974774878\" target=\"_blank\" rel=\"noopener\">WhatsApp +56 9 74774878<\/a><\/span><\/div><\/div>\t\t\t\t\t\t\t\t<\/div>\n\t\t\t\t<\/div>\n\t\t\t\t<\/div>\n\t\t\t\t\t<\/div>\n\t\t\t\t<\/div>\n\t\t<div class=\"elementor-element elementor-element-dbb232c e-flex e-con-boxed e-con e-parent\" data-id=\"dbb232c\" data-element_type=\"container\" data-e-type=\"container\" data-settings=\"{&quot;animation&quot;:&quot;none&quot;,&quot;animation_delay&quot;:500,&quot;background_background&quot;:&quot;classic&quot;,&quot;background_motion_fx_motion_fx_scrolling&quot;:&quot;yes&quot;,&quot;background_motion_fx_devices&quot;:[&quot;mobile&quot;]}\">\n\t\t\t\t\t<div class=\"e-con-inner\">\n\t\t<div class=\"elementor-element elementor-element-bfa8146 e-con-full e-flex elementor-invisible e-con e-child\" data-id=\"bfa8146\" data-element_type=\"container\" data-e-type=\"container\" data-settings=\"{&quot;animation&quot;:&quot;fadeInUp&quot;,&quot;animation_delay&quot;:400}\">\n\t\t\t\t<div class=\"elementor-element elementor-element-0054ef6 elementor-widget elementor-widget-heading\" data-id=\"0054ef6\" data-element_type=\"widget\" data-e-type=\"widget\" data-widget_type=\"heading.default\">\n\t\t\t\t<div class=\"elementor-widget-container\">\n\t\t\t\t\t<h2 class=\"elementor-heading-title elementor-size-default\">Gift Cards<\/h2>\t\t\t\t<\/div>\n\t\t\t\t<\/div>\n\t\t\t\t<div class=\"elementor-element elementor-element-72b2fec elementor-widget elementor-widget-text-editor\" data-id=\"72b2fec\" data-element_type=\"widget\" data-e-type=\"widget\" data-widget_type=\"text-editor.default\">\n\t\t\t\t<div class=\"elementor-widget-container\">\n\t\t\t\t\t\t\t\t\t<p>Un Gift Card &#8211; Casa Bouchon es un regalo ideal si quieres sorprender a alguien e invitarlo a disfrutar de una estad\u00eda en nuestro hotel. Puedes comprarlo en l\u00ednea aqu\u00ed u obtener m\u00e1s informaci\u00f3n en <a href=\"mailto:casabouchon@bem.cl\">casabouchon@bem.cl<\/a> o <span lang=\"ES-CL\"><a href=\"https:\/\/wa.me\/56974774878\" target=\"_blank\" rel=\"noopener\">WhatsApp<\/a><\/span><\/p>\t\t\t\t\t\t\t\t<\/div>\n\t\t\t\t<\/div>\n\t\t\t\t<\/div>\n\t\t\t\t\t<\/div>\n\t\t\t\t<\/div>\n\t\t\t\t<\/div>\n\t\t","protected":false},"excerpt":{"rendered":"<p>Programas Casa Bouchon tiene programas especiales que buscan que nuestros hu\u00e9spedes puedan tener la mejor experiencia durante su estad\u00eda, de acuerdo a sus preferencias e intereses. Programa Experiencia Vendimia 2026 Programa de dos d\u00edas y una noche dise\u00f1ado para vivir la vendimia en el valle del Maule y conocer de cerca el proceso del vino. [&hellip;]<\/p>\n","protected":false},"author":6,"featured_media":0,"parent":0,"menu_order":0,"comment_status":"closed","ping_status":"closed","template":"elementor_header_footer","meta":{"footnotes":""},"class_list":["post-957","page","type-page","status-publish","hentry"],"_links":{"self":[{"href":"https:\/\/casabouchon.com\/en\/wp-json\/wp\/v2\/pages\/957","targetHints":{"allow":["GET"]}}],"collection":[{"href":"https:\/\/casabouchon.com\/en\/wp-json\/wp\/v2\/pages"}],"about":[{"href":"https:\/\/casabouchon.com\/en\/wp-json\/wp\/v2\/types\/page"}],"author":[{"embeddable":true,"href":"https:\/\/casabouchon.com\/en\/wp-json\/wp\/v2\/users\/6"}],"replies":[{"embeddable":true,"href":"https:\/\/casabouchon.com\/en\/wp-json\/wp\/v2\/comments?post=957"}],"version-history":[{"count":0,"href":"https:\/\/casabouchon.com\/en\/wp-json\/wp\/v2\/pages\/957\/revisions"}],"wp:attachment":[{"href":"https:\/\/casabouchon.com\/en\/wp-json\/wp\/v2\/media?parent=957"}],"curies":[{"name":"wp","href":"https:\/\/api.w.org\/{rel}","templated":true}]}}