{"id":805,"date":"2024-10-22T23:46:25","date_gmt":"2024-10-22T23:46:25","guid":{"rendered":"https:\/\/casabouchon.com\/?page_id=805"},"modified":"2026-03-16T16:23:04","modified_gmt":"2026-03-16T16:23:04","slug":"comida-y-vinos","status":"publish","type":"page","link":"https:\/\/casabouchon.com\/en\/comida-y-vinos\/","title":{"rendered":"Food &amp; Wine"},"content":{"rendered":"\t\t<div data-elementor-type=\"wp-page\" data-elementor-id=\"805\" class=\"elementor elementor-805\" data-elementor-post-type=\"page\">\n\t\t\t\t<div class=\"elementor-element elementor-element-2390351 e-flex e-con-boxed e-con e-parent\" data-id=\"2390351\" data-element_type=\"container\" data-e-type=\"container\" data-settings=\"{&quot;background_background&quot;:&quot;slideshow&quot;,&quot;background_slideshow_gallery&quot;:[{&quot;id&quot;:1110,&quot;url&quot;:&quot;https:\\\/\\\/casabouchon.com\\\/wp-content\\\/uploads\\\/2024\\\/11\\\/CyV-FULL-1.webp&quot;},{&quot;id&quot;:1111,&quot;url&quot;:&quot;https:\\\/\\\/casabouchon.com\\\/wp-content\\\/uploads\\\/2024\\\/11\\\/CyV-FULL-2.webp&quot;},{&quot;id&quot;:1112,&quot;url&quot;:&quot;https:\\\/\\\/casabouchon.com\\\/wp-content\\\/uploads\\\/2024\\\/11\\\/CyV-FULL-3-scaled.webp&quot;}],&quot;background_slideshow_loop&quot;:&quot;yes&quot;,&quot;background_slideshow_slide_duration&quot;:5000,&quot;background_slideshow_slide_transition&quot;:&quot;fade&quot;,&quot;background_slideshow_transition_duration&quot;:500}\">\n\t\t\t\t\t<div class=\"e-con-inner\">\n\t\t\t\t\t<\/div>\n\t\t\t\t<\/div>\n\t\t<div class=\"elementor-element elementor-element-123a124 e-flex e-con-boxed e-con e-parent\" data-id=\"123a124\" data-element_type=\"container\" data-e-type=\"container\">\n\t\t\t\t\t<div class=\"e-con-inner\">\n\t\t<div class=\"elementor-element elementor-element-e74a2c8 e-con-full e-flex e-con e-child\" data-id=\"e74a2c8\" data-element_type=\"container\" data-e-type=\"container\">\n\t\t\t\t<div class=\"elementor-element elementor-element-8363919 elementor-widget elementor-widget-heading\" data-id=\"8363919\" data-element_type=\"widget\" data-e-type=\"widget\" data-widget_type=\"heading.default\">\n\t\t\t\t<div class=\"elementor-widget-container\">\n\t\t\t\t\t<h2 class=\"elementor-heading-title elementor-size-default\">Comida y Vinos<\/h2>\t\t\t\t<\/div>\n\t\t\t\t<\/div>\n\t\t\t\t<\/div>\n\t\t\t\t\t<\/div>\n\t\t\t\t<\/div>\n\t\t<div class=\"elementor-element elementor-element-2ba24b3 e-flex e-con-boxed e-con e-parent\" data-id=\"2ba24b3\" data-element_type=\"container\" data-e-type=\"container\">\n\t\t\t\t\t<div class=\"e-con-inner\">\n\t\t\t\t<div class=\"elementor-element elementor-element-e3d4b85 elementor-widget__width-initial elementor-invisible elementor-widget elementor-widget-text-editor\" data-id=\"e3d4b85\" data-element_type=\"widget\" data-e-type=\"widget\" data-settings=\"{&quot;_animation&quot;:&quot;fadeInUp&quot;,&quot;_animation_delay&quot;:300}\" data-widget_type=\"text-editor.default\">\n\t\t\t\t<div class=\"elementor-widget-container\">\n\t\t\t\t\t\t\t\t\t<p style=\"font-weight: 400;\">En Casa Bouchon queremos que disfrutes de Mingre Restaurant y sus platos elaborados con algunos ingredientes t\u00edpicos de la regi\u00f3n, de nuestra carta de vinos que gira en torno a nuestra bodega hermana, todo combinado con las vistas y visitas a los vi\u00f1edos y nuestro huerto de frutales org\u00e1nico, convirti\u00e9ndolo en una experiencia para todos los sentidos.<\/p>\t\t\t\t\t\t\t\t<\/div>\n\t\t\t\t<\/div>\n\t\t\t\t\t<\/div>\n\t\t\t\t<\/div>\n\t\t<div class=\"elementor-element elementor-element-05abeca e-con-full e-flex e-con e-parent\" data-id=\"05abeca\" data-element_type=\"container\" data-e-type=\"container\" data-settings=\"{&quot;background_background&quot;:&quot;classic&quot;}\">\n\t\t<div class=\"elementor-element elementor-element-e944a4d e-con-full e-flex e-con e-child\" data-id=\"e944a4d\" data-element_type=\"container\" data-e-type=\"container\">\n\t\t\t\t<div class=\"elementor-element elementor-element-24691c1 elementor-invisible elementor-widget elementor-widget-heading\" data-id=\"24691c1\" data-element_type=\"widget\" data-e-type=\"widget\" data-settings=\"{&quot;_animation&quot;:&quot;fadeInUp&quot;,&quot;_animation_delay&quot;:100}\" data-widget_type=\"heading.default\">\n\t\t\t\t<div class=\"elementor-widget-container\">\n\t\t\t\t\t<h2 class=\"elementor-heading-title elementor-size-default\"><span class=\"elementor-heading-title elementor-size-default elementor-inline-editing pen\" data-elementor-setting-key=\"title\" data-pen-placeholder=\"Type Here...\" style=\", sans-serif;font-weight: 600;font-size: 50px\">Mingre Restaurant<\/span><\/h2>\t\t\t\t<\/div>\n\t\t\t\t<\/div>\n\t\t\t\t<div class=\"elementor-element elementor-element-a753f62 elementor-widget__width-initial elementor-widget-tablet__width-inherit elementor-widget-mobile__width-inherit elementor-invisible elementor-widget elementor-widget-text-editor\" data-id=\"a753f62\" data-element_type=\"widget\" data-e-type=\"widget\" data-settings=\"{&quot;_animation&quot;:&quot;fadeInUp&quot;,&quot;_animation_delay&quot;:150}\" data-widget_type=\"text-editor.default\">\n\t\t\t\t<div class=\"elementor-widget-container\">\n\t\t\t\t\t\t\t\t\t<p style=\"font-weight: 400;\">Mingre Restaurant tiene una selecci\u00f3n de platos de cocina internacional con ingredientes t\u00edpicos de la regi\u00f3n, buscando fusionar el confort de lo conocido con la emoci\u00f3n del descubrimiento. Preferimos productores locales en busca de insumos m\u00e1s frescos y naturales y, por lo mismo, nuestra carta va cambiando seg\u00fan la \u00e9poca del a\u00f1o. Mingre Restaurant s\u00f3lo est\u00e1 abierto para nuestros hu\u00e9spedes y con men\u00fas pre-establecidos de tres tiempos para cada d\u00eda.<\/p><p style=\"font-weight: 400;\"><a href=\"https:\/\/casabouchon.com\/wp-content\/uploads\/2025\/01\/Menu-Mingre-Restaurant.pdf\" target=\"_blank\" rel=\"noopener\">Ver carta de comida aqu\u00ed.<\/a><\/p><p class=\"p1\">\u00a0<\/p>\t\t\t\t\t\t\t\t<\/div>\n\t\t\t\t<\/div>\n\t\t\t\t<\/div>\n\t\t<div class=\"elementor-element elementor-element-b2d2201 e-con-full e-flex elementor-invisible e-con e-child\" data-id=\"b2d2201\" data-element_type=\"container\" data-e-type=\"container\" data-settings=\"{&quot;animation&quot;:&quot;fadeInUp&quot;,&quot;animation_delay&quot;:50}\">\n\t\t\t\t<div class=\"elementor-element elementor-element-cc21b0c elementor-widget__width-initial elementor-widget elementor-widget-image\" data-id=\"cc21b0c\" data-element_type=\"widget\" data-e-type=\"widget\" data-settings=\"{&quot;motion_fx_motion_fx_mouse&quot;:&quot;yes&quot;,&quot;motion_fx_mouseTrack_effect&quot;:&quot;yes&quot;,&quot;motion_fx_mouseTrack_speed&quot;:{&quot;unit&quot;:&quot;px&quot;,&quot;size&quot;:0.1000000000000000055511151231257827021181583404541015625,&quot;sizes&quot;:[]}}\" data-widget_type=\"image.default\">\n\t\t\t\t<div class=\"elementor-widget-container\">\n\t\t\t\t\t\t\t\t\t\t\t\t\t\t\t<img decoding=\"async\" src=\"https:\/\/casabouchon.com\/wp-content\/uploads\/elementor\/thumbs\/CyV-MR-GR-qx0bmjbmh9ksp8ve4dgtp4g7takm1jrjbb7zwzmotc.webp\" title=\"CyV-MR-GR\" alt=\"CyV-MR-GR\" loading=\"lazy\" \/>\t\t\t\t\t\t\t\t\t\t\t\t\t\t\t<\/div>\n\t\t\t\t<\/div>\n\t\t\t\t<div class=\"elementor-element elementor-element-d06c5e1 elementor-widget__width-initial elementor-arrows-position-inside elementor-widget elementor-widget-image-carousel\" data-id=\"d06c5e1\" data-element_type=\"widget\" data-e-type=\"widget\" data-settings=\"{&quot;slides_to_show&quot;:&quot;1&quot;,&quot;lazyload&quot;:&quot;yes&quot;,&quot;autoplay_speed&quot;:3000,&quot;speed&quot;:200,&quot;navigation&quot;:&quot;arrows&quot;,&quot;autoplay&quot;:&quot;yes&quot;,&quot;pause_on_hover&quot;:&quot;yes&quot;,&quot;pause_on_interaction&quot;:&quot;yes&quot;,&quot;infinite&quot;:&quot;yes&quot;,&quot;effect&quot;:&quot;slide&quot;}\" data-widget_type=\"image-carousel.default\">\n\t\t\t\t<div class=\"elementor-widget-container\">\n\t\t\t\t\t\t\t<div class=\"elementor-image-carousel-wrapper swiper\" role=\"region\" aria-roledescription=\"carousel\" aria-label=\"Carrusel de im\u00e1genes\" dir=\"ltr\">\n\t\t\t<div class=\"elementor-image-carousel swiper-wrapper\" aria-live=\"off\">\n\t\t\t\t\t\t\t\t<div class=\"swiper-slide\" role=\"group\" aria-roledescription=\"slide\" aria-label=\"1 de 3\"><figure class=\"swiper-slide-inner\"><img class=\"swiper-slide-image swiper-lazy\" data-src=\"https:\/\/casabouchon.com\/wp-content\/uploads\/elementor\/thumbs\/CyV-MR-PE-1-scaled-qx0bmm551rono2ranwopelqllg6pon2qbp6gctiiao.webp\" alt=\"CyV-MR-PE-1\" \/><div class=\"swiper-lazy-preloader\"><\/div><\/figure><\/div><div class=\"swiper-slide\" role=\"group\" aria-roledescription=\"slide\" aria-label=\"2 de 3\"><figure class=\"swiper-slide-inner\"><img class=\"swiper-slide-image swiper-lazy\" data-src=\"https:\/\/casabouchon.com\/wp-content\/uploads\/elementor\/thumbs\/CyV-MR-PE-2-scaled-qx0bmoynm9simwn77fwl430zdlstbqdxc34wsnebs0.webp\" alt=\"CyV-MR-PE-2\" \/><div class=\"swiper-lazy-preloader\"><\/div><\/figure><\/div><div class=\"swiper-slide\" role=\"group\" aria-roledescription=\"slide\" aria-label=\"3 de 3\"><figure class=\"swiper-slide-inner\"><img class=\"swiper-slide-image swiper-lazy\" data-src=\"https:\/\/casabouchon.com\/wp-content\/uploads\/elementor\/thumbs\/CyV-MR-PE-3-qx0bmqubzxv3a4kgwgpu92jwkdjjr4le0cfvr7bjfk.webp\" alt=\"CyV-MR-PE-3\" \/><div class=\"swiper-lazy-preloader\"><\/div><\/figure><\/div>\t\t\t<\/div>\n\t\t\t\t\t\t\t\t\t\t\t\t<div class=\"elementor-swiper-button elementor-swiper-button-prev\" role=\"button\" tabindex=\"0\">\n\t\t\t\t\t\t<svg aria-hidden=\"true\" class=\"e-font-icon-svg e-eicon-chevron-left\" viewBox=\"0 0 1000 1000\" xmlns=\"http:\/\/www.w3.org\/2000\/svg\"><path d=\"M646 125C629 125 613 133 604 142L308 442C296 454 292 471 292 487 292 504 296 521 308 533L604 854C617 867 629 875 646 875 663 875 679 871 692 858 704 846 713 829 713 812 713 796 708 779 692 767L438 487 692 225C700 217 708 204 708 187 708 171 704 154 692 142 675 129 663 125 646 125Z\"><\/path><\/svg>\t\t\t\t\t<\/div>\n\t\t\t\t\t<div class=\"elementor-swiper-button elementor-swiper-button-next\" role=\"button\" tabindex=\"0\">\n\t\t\t\t\t\t<svg aria-hidden=\"true\" class=\"e-font-icon-svg e-eicon-chevron-right\" viewBox=\"0 0 1000 1000\" xmlns=\"http:\/\/www.w3.org\/2000\/svg\"><path d=\"M696 533C708 521 713 504 713 487 713 471 708 454 696 446L400 146C388 133 375 125 354 125 338 125 325 129 313 142 300 154 292 171 292 187 292 204 296 221 308 233L563 492 304 771C292 783 288 800 288 817 288 833 296 850 308 863 321 871 338 875 354 875 371 875 388 867 400 854L696 533Z\"><\/path><\/svg>\t\t\t\t\t<\/div>\n\t\t\t\t\n\t\t\t\t\t\t\t\t\t<\/div>\n\t\t\t\t\t\t<\/div>\n\t\t\t\t<\/div>\n\t\t\t\t<\/div>\n\t\t\t\t<\/div>\n\t\t<div class=\"elementor-element elementor-element-5ee3e41 e-flex e-con-boxed e-con e-parent\" data-id=\"5ee3e41\" data-element_type=\"container\" data-e-type=\"container\" data-settings=\"{&quot;background_background&quot;:&quot;classic&quot;}\">\n\t\t\t\t\t<div class=\"e-con-inner\">\n\t\t<div class=\"elementor-element elementor-element-395d63e e-con-full e-flex e-con e-child\" data-id=\"395d63e\" data-element_type=\"container\" data-e-type=\"container\">\n\t\t<div class=\"elementor-element elementor-element-7eb363f e-con-full e-flex e-con e-child\" data-id=\"7eb363f\" data-element_type=\"container\" data-e-type=\"container\">\n\t\t\t\t<div class=\"elementor-element elementor-element-5d4c642 elementor-invisible elementor-widget elementor-widget-heading\" data-id=\"5d4c642\" data-element_type=\"widget\" data-e-type=\"widget\" data-settings=\"{&quot;_animation&quot;:&quot;fadeInUp&quot;,&quot;_animation_delay&quot;:200}\" data-widget_type=\"heading.default\">\n\t\t\t\t<div class=\"elementor-widget-container\">\n\t\t\t\t\t<h1 class=\"elementor-heading-title elementor-size-default\">Nuestros Vinos<\/h1>\t\t\t\t<\/div>\n\t\t\t\t<\/div>\n\t\t\t\t<div class=\"elementor-element elementor-element-dae385d elementor-invisible elementor-widget elementor-widget-text-editor\" data-id=\"dae385d\" data-element_type=\"widget\" data-e-type=\"widget\" data-settings=\"{&quot;_animation&quot;:&quot;fadeInUp&quot;,&quot;_animation_delay&quot;:300}\" data-widget_type=\"text-editor.default\">\n\t\t\t\t<div class=\"elementor-widget-container\">\n\t\t\t\t\t\t\t\t\t<div><span lang=\"ES-CL\">Nuestra carta de vinos tiene la premisa que todos sus vinos se elaboran en nuestra bodega, siendo en su mayor\u00eda, tambi\u00e9n, hechos con uvas org\u00e1nicas de nuestros propios vi\u00f1edos. <\/span><\/div><div>\u00a0<\/div><div><span lang=\"ES-CL\">La carta tambi\u00e9n destaca los vinos elaborados con uvas del secano interior del Maule e Itata, de parras viejas y sin riego, de las llamadas cepas patrimoniales como son el Pa\u00eds, Carignan, Cinsault y Moscatel, patrimonio vivo de la viticultura local.<\/span><\/div><div>\u00a0<\/div><div><a href=\"https:\/\/casabouchon.com\/wp-content\/uploads\/2025\/01\/Wine-List.pdf\" target=\"_blank\" rel=\"noopener\">Ver carta de vinos aqu\u00ed.<\/a><\/div>\t\t\t\t\t\t\t\t<\/div>\n\t\t\t\t<\/div>\n\t\t\t\t<\/div>\n\t\t\t\t<\/div>\n\t\t\t\t\t<\/div>\n\t\t\t\t<\/div>\n\t\t<div class=\"elementor-element elementor-element-032b31e e-flex e-con-boxed e-con e-parent\" data-id=\"032b31e\" data-element_type=\"container\" data-e-type=\"container\" data-settings=\"{&quot;background_background&quot;:&quot;classic&quot;}\">\n\t\t\t\t\t<div class=\"e-con-inner\">\n\t\t<div class=\"elementor-element elementor-element-f03a3ba e-con-full e-flex e-con e-child\" data-id=\"f03a3ba\" data-element_type=\"container\" data-e-type=\"container\">\n\t\t<div class=\"elementor-element elementor-element-5997b4e e-con-full e-flex e-con e-child\" data-id=\"5997b4e\" data-element_type=\"container\" data-e-type=\"container\">\n\t\t\t\t<div class=\"elementor-element elementor-element-22216f8 elementor-invisible elementor-widget elementor-widget-heading\" data-id=\"22216f8\" data-element_type=\"widget\" data-e-type=\"widget\" data-settings=\"{&quot;_animation&quot;:&quot;fadeInUp&quot;,&quot;_animation_delay&quot;:200}\" data-widget_type=\"heading.default\">\n\t\t\t\t<div class=\"elementor-widget-container\">\n\t\t\t\t\t<h1 class=\"elementor-heading-title elementor-size-default\">Nuestros Vi\u00f1edos<\/h1>\t\t\t\t<\/div>\n\t\t\t\t<\/div>\n\t\t\t\t<div class=\"elementor-element elementor-element-5746916 elementor-invisible elementor-widget elementor-widget-text-editor\" data-id=\"5746916\" data-element_type=\"widget\" data-e-type=\"widget\" data-settings=\"{&quot;_animation&quot;:&quot;fadeInUp&quot;,&quot;_animation_delay&quot;:300}\" data-widget_type=\"text-editor.default\">\n\t\t\t\t<div class=\"elementor-widget-container\">\n\t\t\t\t\t\t\t\t\t<div>Nuestros vi\u00f1edos son cultivados en forma org\u00e1nica, de manera que una fertilidad natural del suelo y un manejo eco-sist\u00e9mico integrado nos permita lograr parras m\u00e1s sanas y longevas y que convivan en armon\u00eda con la naturaleza que las rodea. Son tambi\u00e9n un regalo para los hu\u00e9spedes de Casa Bouchon, que pueden recorrerlos entre medio de verdes praderas mezcladas con coloridas flores. Una postal dif\u00edcil de olvidar.<\/div><div>\u00a0<\/div>\t\t\t\t\t\t\t\t<\/div>\n\t\t\t\t<\/div>\n\t\t\t\t<\/div>\n\t\t\t\t<\/div>\n\t\t\t\t\t<\/div>\n\t\t\t\t<\/div>\n\t\t\t\t<\/div>\n\t\t","protected":false},"excerpt":{"rendered":"<p>Comida y Vinos En Casa Bouchon queremos que disfrutes de Mingre Restaurant y sus platos elaborados con algunos ingredientes t\u00edpicos de la regi\u00f3n, de nuestra carta de vinos que gira en torno a nuestra bodega hermana, todo combinado con las vistas y visitas a los vi\u00f1edos y nuestro huerto de frutales org\u00e1nico, convirti\u00e9ndolo en una [&hellip;]<\/p>\n","protected":false},"author":6,"featured_media":0,"parent":0,"menu_order":0,"comment_status":"closed","ping_status":"closed","template":"elementor_header_footer","meta":{"footnotes":""},"class_list":["post-805","page","type-page","status-publish","hentry"],"_links":{"self":[{"href":"https:\/\/casabouchon.com\/en\/wp-json\/wp\/v2\/pages\/805","targetHints":{"allow":["GET"]}}],"collection":[{"href":"https:\/\/casabouchon.com\/en\/wp-json\/wp\/v2\/pages"}],"about":[{"href":"https:\/\/casabouchon.com\/en\/wp-json\/wp\/v2\/types\/page"}],"author":[{"embeddable":true,"href":"https:\/\/casabouchon.com\/en\/wp-json\/wp\/v2\/users\/6"}],"replies":[{"embeddable":true,"href":"https:\/\/casabouchon.com\/en\/wp-json\/wp\/v2\/comments?post=805"}],"version-history":[{"count":0,"href":"https:\/\/casabouchon.com\/en\/wp-json\/wp\/v2\/pages\/805\/revisions"}],"wp:attachment":[{"href":"https:\/\/casabouchon.com\/en\/wp-json\/wp\/v2\/media?parent=805"}],"curies":[{"name":"wp","href":"https:\/\/api.w.org\/{rel}","templated":true}]}}